{"id":490,"date":"2024-11-19T10:15:37","date_gmt":"2024-11-19T10:15:37","guid":{"rendered":"https:\/\/seforaimpresasociale.it\/etr\/?page_id=490"},"modified":"2024-12-10T08:38:28","modified_gmt":"2024-12-10T08:38:28","slug":"a-parma-ce-un-punto-dove-il-digitale-e-facile","status":"publish","type":"page","link":"https:\/\/seforaimpresasociale.it\/etr\/progetti\/a-parma-ce-un-punto-dove-il-digitale-e-facile\/","title":{"rendered":"A Parma c\u2019\u00e8 un Punto dove il digitale \u00e8 facile"},"content":{"rendered":"\t\t<div data-elementor-type=\"wp-page\" data-elementor-id=\"490\" class=\"elementor elementor-490\" data-elementor-post-type=\"page\">\n\t\t\t\t<div class=\"elementor-element elementor-element-c03960b e-flex e-con-boxed e-con e-parent\" data-id=\"c03960b\" data-element_type=\"container\" data-e-type=\"container\">\n\t\t\t\t\t<div class=\"e-con-inner\">\n\t\t<div class=\"elementor-element elementor-element-619c7d4 e-con-full e-flex e-con e-child\" data-id=\"619c7d4\" data-element_type=\"container\" data-e-type=\"container\">\n\t\t\t\t<div class=\"elementor-element elementor-element-f8c9e33 elementor-widget-divider--view-line elementor-widget elementor-widget-divider\" data-id=\"f8c9e33\" data-element_type=\"widget\" data-e-type=\"widget\" data-widget_type=\"divider.default\">\n\t\t\t\t<div class=\"elementor-widget-container\">\n\t\t\t\t\t\t\t<div class=\"elementor-divider\">\n\t\t\t<span class=\"elementor-divider-separator\">\n\t\t\t\t\t\t<\/span>\n\t\t<\/div>\n\t\t\t\t\t\t<\/div>\n\t\t\t\t<\/div>\n\t\t\t\t<div class=\"elementor-element elementor-element-d9ad048 elementor-widget elementor-widget-text-editor\" data-id=\"d9ad048\" data-element_type=\"widget\" data-e-type=\"widget\" data-widget_type=\"text-editor.default\">\n\t\t\t\t<div class=\"elementor-widget-container\">\n\t\t\t\t\t\t\t\t\t<p>A Parma c\u2019\u00e8 un posto<br \/>dove puoi andare<br \/>se ti serve aiuto con i dispositivi digitali,<br \/>per esempio, il computer o il cellulare.<\/p><p>Ecco cosa puoi fare<\/p>\t\t\t\t\t\t\t\t<\/div>\n\t\t\t\t<\/div>\n\t\t\t\t<\/div>\n\t\t\t\t\t<\/div>\n\t\t\t\t<\/div>\n\t\t<div class=\"elementor-element elementor-element-8fcb495 e-flex e-con-boxed e-con e-parent\" data-id=\"8fcb495\" data-element_type=\"container\" data-e-type=\"container\">\n\t\t\t\t\t<div class=\"e-con-inner\">\n\t\t<div class=\"elementor-element elementor-element-c233c4c e-con-full e-flex e-con e-child\" data-id=\"c233c4c\" data-element_type=\"container\" data-e-type=\"container\">\n\t\t\t\t<div class=\"elementor-element elementor-element-5f7a756 elementor-widget-divider--view-line elementor-widget elementor-widget-divider\" data-id=\"5f7a756\" data-element_type=\"widget\" data-e-type=\"widget\" data-widget_type=\"divider.default\">\n\t\t\t\t<div class=\"elementor-widget-container\">\n\t\t\t\t\t\t\t<div class=\"elementor-divider\">\n\t\t\t<span class=\"elementor-divider-separator\">\n\t\t\t\t\t\t<\/span>\n\t\t<\/div>\n\t\t\t\t\t\t<\/div>\n\t\t\t\t<\/div>\n\t\t\t\t<div class=\"elementor-element elementor-element-7291afd elementor-widget elementor-widget-text-editor\" data-id=\"7291afd\" data-element_type=\"widget\" data-e-type=\"widget\" data-widget_type=\"text-editor.default\">\n\t\t\t\t<div class=\"elementor-widget-container\">\n\t\t\t\t\t\t\t\t\t<ul><li>Attivare lo Spid<br \/>lo Spid \u00e8 un sistema di riconoscimento<br \/>che ti serve per entrare su alcuni siti dello Stato italiano<\/li><\/ul>\t\t\t\t\t\t\t\t<\/div>\n\t\t\t\t<\/div>\n\t\t\t\t<\/div>\n\t\t\t\t\t<\/div>\n\t\t\t\t<\/div>\n\t\t<div class=\"elementor-element elementor-element-2e896e0 e-flex e-con-boxed e-con e-parent\" data-id=\"2e896e0\" data-element_type=\"container\" data-e-type=\"container\">\n\t\t\t\t\t<div class=\"e-con-inner\">\n\t\t<div class=\"elementor-element elementor-element-7065a92 e-con-full e-flex e-con e-child\" data-id=\"7065a92\" data-element_type=\"container\" data-e-type=\"container\">\n\t\t\t\t<div class=\"elementor-element elementor-element-2b9cd12 elementor-widget-divider--view-line elementor-widget elementor-widget-divider\" data-id=\"2b9cd12\" data-element_type=\"widget\" data-e-type=\"widget\" data-widget_type=\"divider.default\">\n\t\t\t\t<div class=\"elementor-widget-container\">\n\t\t\t\t\t\t\t<div class=\"elementor-divider\">\n\t\t\t<span class=\"elementor-divider-separator\">\n\t\t\t\t\t\t<\/span>\n\t\t<\/div>\n\t\t\t\t\t\t<\/div>\n\t\t\t\t<\/div>\n\t\t\t\t<div class=\"elementor-element elementor-element-03fe20b elementor-widget elementor-widget-text-editor\" data-id=\"03fe20b\" data-element_type=\"widget\" data-e-type=\"widget\" data-widget_type=\"text-editor.default\">\n\t\t\t\t<div class=\"elementor-widget-container\">\n\t\t\t\t\t\t\t\t\t<ul><li>Accedere al Fascicolo Sanitario Elettronico<br \/>dove puoi trovare i tuoi documenti medici su un sito internet<br \/>e puoi prenotare visite o esami<\/li><\/ul>\t\t\t\t\t\t\t\t<\/div>\n\t\t\t\t<\/div>\n\t\t\t\t<div class=\"elementor-element elementor-element-7ef14e0 elementor-widget-divider--view-line elementor-widget elementor-widget-divider\" data-id=\"7ef14e0\" data-element_type=\"widget\" data-e-type=\"widget\" data-widget_type=\"divider.default\">\n\t\t\t\t<div class=\"elementor-widget-container\">\n\t\t\t\t\t\t\t<div class=\"elementor-divider\">\n\t\t\t<span class=\"elementor-divider-separator\">\n\t\t\t\t\t\t<\/span>\n\t\t<\/div>\n\t\t\t\t\t\t<\/div>\n\t\t\t\t<\/div>\n\t\t\t\t<\/div>\n\t\t\t\t<div class=\"elementor-element elementor-element-4a7b404 elementor-widget elementor-widget-text-editor\" data-id=\"4a7b404\" data-element_type=\"widget\" data-e-type=\"widget\" data-widget_type=\"text-editor.default\">\n\t\t\t\t<div class=\"elementor-widget-container\">\n\t\t\t\t\t\t\t\t\t<ul><li>imparare ad usare il computer o il cellulare<\/li><\/ul>\t\t\t\t\t\t\t\t<\/div>\n\t\t\t\t<\/div>\n\t\t\t\t<div class=\"elementor-element elementor-element-e15e72a elementor-widget-divider--view-line elementor-widget elementor-widget-divider\" data-id=\"e15e72a\" data-element_type=\"widget\" data-e-type=\"widget\" data-widget_type=\"divider.default\">\n\t\t\t\t<div class=\"elementor-widget-container\">\n\t\t\t\t\t\t\t<div class=\"elementor-divider\">\n\t\t\t<span class=\"elementor-divider-separator\">\n\t\t\t\t\t\t<\/span>\n\t\t<\/div>\n\t\t\t\t\t\t<\/div>\n\t\t\t\t<\/div>\n\t\t\t\t<div class=\"elementor-element elementor-element-4dcfd4d elementor-widget elementor-widget-text-editor\" data-id=\"4dcfd4d\" data-element_type=\"widget\" data-e-type=\"widget\" data-widget_type=\"text-editor.default\">\n\t\t\t\t<div class=\"elementor-widget-container\">\n\t\t\t\t\t\t\t\t\t<ul><li>imparare ad usare la posta elettronica<\/li><\/ul>\t\t\t\t\t\t\t\t<\/div>\n\t\t\t\t<\/div>\n\t\t\t\t\t<\/div>\n\t\t\t\t<\/div>\n\t\t<div class=\"elementor-element elementor-element-7c91c82 e-flex e-con-boxed e-con e-parent\" data-id=\"7c91c82\" data-element_type=\"container\" data-e-type=\"container\">\n\t\t\t\t\t<div class=\"e-con-inner\">\n\t\t\t\t<div class=\"elementor-element elementor-element-cf9a75c elementor-widget-divider--view-line elementor-widget elementor-widget-divider\" data-id=\"cf9a75c\" data-element_type=\"widget\" data-e-type=\"widget\" data-widget_type=\"divider.default\">\n\t\t\t\t<div class=\"elementor-widget-container\">\n\t\t\t\t\t\t\t<div class=\"elementor-divider\">\n\t\t\t<span class=\"elementor-divider-separator\">\n\t\t\t\t\t\t<\/span>\n\t\t<\/div>\n\t\t\t\t\t\t<\/div>\n\t\t\t\t<\/div>\n\t\t\t\t<div class=\"elementor-element elementor-element-77471c2 elementor-widget elementor-widget-text-editor\" data-id=\"77471c2\" data-element_type=\"widget\" data-e-type=\"widget\" data-widget_type=\"text-editor.default\">\n\t\t\t\t<div class=\"elementor-widget-container\">\n\t\t\t\t\t\t\t\t\t<p>Facilitazione digitale,<br \/>dove un esperto ti aiuta a risolvere dei problemi<\/p><p>Formazione digitale,<\/p><p>cio\u00e8 dei corsi\u00a0<span style=\"font-weight: var( --e-global-typography-text-font-weight );\">dove impari ad usare i dispositivi digitali<\/span><\/p><p>o approfondire il modo di usarli.<\/p>\t\t\t\t\t\t\t\t<\/div>\n\t\t\t\t<\/div>\n\t\t\t\t\t<\/div>\n\t\t\t\t<\/div>\n\t\t<div class=\"elementor-element elementor-element-b9e42da e-flex e-con-boxed e-con e-parent\" data-id=\"b9e42da\" data-element_type=\"container\" data-e-type=\"container\">\n\t\t\t\t\t<div class=\"e-con-inner\">\n\t\t\t\t<div class=\"elementor-element elementor-element-a159412 elementor-widget-divider--view-line elementor-widget elementor-widget-divider\" data-id=\"a159412\" data-element_type=\"widget\" data-e-type=\"widget\" data-widget_type=\"divider.default\">\n\t\t\t\t<div class=\"elementor-widget-container\">\n\t\t\t\t\t\t\t<div class=\"elementor-divider\">\n\t\t\t<span class=\"elementor-divider-separator\">\n\t\t\t\t\t\t<\/span>\n\t\t<\/div>\n\t\t\t\t\t\t<\/div>\n\t\t\t\t<\/div>\n\t\t\t\t<div class=\"elementor-element elementor-element-f67111f elementor-widget elementor-widget-text-editor\" data-id=\"f67111f\" data-element_type=\"widget\" data-e-type=\"widget\" data-widget_type=\"text-editor.default\">\n\t\t\t\t<div class=\"elementor-widget-container\">\n\t\t\t\t\t\t\t\t\t<p><b>Informazioni<br \/><\/b>Se ti servono informazioni,<br \/>puoi chiamare il numero di telefono <b>0521 218700<\/b><br \/>o il numero di telefono <b>0521 40521<\/b><\/p>\t\t\t\t\t\t\t\t<\/div>\n\t\t\t\t<\/div>\n\t\t\t\t\t<\/div>\n\t\t\t\t<\/div>\n\t\t<div class=\"elementor-element elementor-element-665f6a9 e-flex e-con-boxed e-con e-parent\" data-id=\"665f6a9\" data-element_type=\"container\" data-e-type=\"container\">\n\t\t\t\t\t<div class=\"e-con-inner\">\n\t\t\t\t<div class=\"elementor-element elementor-element-202c609 elementor-widget-divider--view-line elementor-widget elementor-widget-divider\" data-id=\"202c609\" data-element_type=\"widget\" data-e-type=\"widget\" data-widget_type=\"divider.default\">\n\t\t\t\t<div class=\"elementor-widget-container\">\n\t\t\t\t\t\t\t<div class=\"elementor-divider\">\n\t\t\t<span class=\"elementor-divider-separator\">\n\t\t\t\t\t\t<\/span>\n\t\t<\/div>\n\t\t\t\t\t\t<\/div>\n\t\t\t\t<\/div>\n\t\t\t\t<div class=\"elementor-element elementor-element-5e5aa61 elementor-widget elementor-widget-text-editor\" data-id=\"5e5aa61\" data-element_type=\"widget\" data-e-type=\"widget\" data-widget_type=\"text-editor.default\">\n\t\t\t\t<div class=\"elementor-widget-container\">\n\t\t\t\t\t\t\t\t\t<p><a href=\"https:\/\/digitale.regione.emilia-romagna.it\/punti-digitale-facile\">Clicca qui se ti servono maggiori informazioni<\/a><\/p><p><a href=\"https:\/\/affluences.com\/digitale-facile-parma\">Clicca qui per fare una prenotazione<\/a><\/p>\t\t\t\t\t\t\t\t<\/div>\n\t\t\t\t<\/div>\n\t\t\t\t\t<\/div>\n\t\t\t\t<\/div>\n\t\t<div class=\"elementor-element elementor-element-918f4b7 e-flex e-con-boxed e-con e-parent\" data-id=\"918f4b7\" data-element_type=\"container\" data-e-type=\"container\">\n\t\t\t\t\t<div class=\"e-con-inner\">\n\t\t\t\t<div class=\"elementor-element elementor-element-be264be elementor-widget elementor-widget-text-editor\" data-id=\"be264be\" data-element_type=\"widget\" data-e-type=\"widget\" data-widget_type=\"text-editor.default\">\n\t\t\t\t<div class=\"elementor-widget-container\">\n\t\t\t\t\t\t\t\t\t<p>&nbsp;Attenzione!<br>&nbsp;I link portano siti internet che possono essere difficili da leggere.<br>&nbsp;Puoi farti aiutare da qualcuno.<\/p>\t\t\t\t\t\t\t\t<\/div>\n\t\t\t\t<\/div>\n\t\t\t\t\t<\/div>\n\t\t\t\t<\/div>\n\t\t\t\t<\/div>\n\t\t","protected":false},"excerpt":{"rendered":"<p>A Parma c\u2019\u00e8 un postodove puoi andarese ti serve aiuto con i dispositivi digitali,per esempio, il computer o il cellulare. Ecco cosa puoi fare Attivare lo Spidlo Spid \u00e8 un sistema di riconoscimentoche ti serve per entrare su alcuni siti dello Stato italiano Accedere al Fascicolo Sanitario Elettronicodove puoi trovare i tuoi documenti medici su [&hellip;]<\/p>\n","protected":false},"author":2,"featured_media":0,"parent":486,"menu_order":0,"comment_status":"closed","ping_status":"closed","template":"","meta":{"footnotes":""},"class_list":["post-490","page","type-page","status-publish","hentry"],"yoast_head":"<!-- This site is optimized with the Yoast SEO plugin v27.3 - https:\/\/yoast.com\/product\/yoast-seo-wordpress\/ -->\n<title>A Parma c\u2019\u00e8 un Punto dove il digitale \u00e8 facile - S\u00e9fora ETR<\/title>\n<meta name=\"robots\" content=\"index, follow, max-snippet:-1, max-image-preview:large, max-video-preview:-1\" \/>\n<link rel=\"canonical\" href=\"https:\/\/seforaimpresasociale.it\/etr\/progetti\/a-parma-ce-un-punto-dove-il-digitale-e-facile\/\" \/>\n<meta property=\"og:locale\" content=\"it_IT\" \/>\n<meta property=\"og:type\" content=\"article\" \/>\n<meta property=\"og:title\" content=\"A Parma c\u2019\u00e8 un Punto dove il digitale \u00e8 facile - S\u00e9fora ETR\" \/>\n<meta property=\"og:description\" content=\"A Parma c\u2019\u00e8 un postodove puoi andarese ti serve aiuto con i dispositivi digitali,per esempio, il computer o il cellulare. Ecco cosa puoi fare Attivare lo Spidlo Spid \u00e8 un sistema di riconoscimentoche ti serve per entrare su alcuni siti dello Stato italiano Accedere al Fascicolo Sanitario Elettronicodove puoi trovare i tuoi documenti medici su [&hellip;]\" \/>\n<meta property=\"og:url\" content=\"https:\/\/seforaimpresasociale.it\/etr\/progetti\/a-parma-ce-un-punto-dove-il-digitale-e-facile\/\" \/>\n<meta property=\"og:site_name\" content=\"S\u00e9fora ETR\" \/>\n<meta property=\"article:modified_time\" content=\"2024-12-10T08:38:28+00:00\" \/>\n<meta name=\"twitter:card\" content=\"summary_large_image\" \/>\n<meta name=\"twitter:label1\" content=\"Tempo di lettura stimato\" \/>\n\t<meta name=\"twitter:data1\" content=\"1 minuto\" \/>\n<script type=\"application\/ld+json\" class=\"yoast-schema-graph\">{\"@context\":\"https:\\\/\\\/schema.org\",\"@graph\":[{\"@type\":\"WebPage\",\"@id\":\"https:\\\/\\\/seforaimpresasociale.it\\\/etr\\\/progetti\\\/a-parma-ce-un-punto-dove-il-digitale-e-facile\\\/\",\"url\":\"https:\\\/\\\/seforaimpresasociale.it\\\/etr\\\/progetti\\\/a-parma-ce-un-punto-dove-il-digitale-e-facile\\\/\",\"name\":\"A Parma c\u2019\u00e8 un Punto dove il digitale \u00e8 facile - S\u00e9fora ETR\",\"isPartOf\":{\"@id\":\"https:\\\/\\\/seforaimpresasociale.it\\\/etr\\\/#website\"},\"datePublished\":\"2024-11-19T10:15:37+00:00\",\"dateModified\":\"2024-12-10T08:38:28+00:00\",\"breadcrumb\":{\"@id\":\"https:\\\/\\\/seforaimpresasociale.it\\\/etr\\\/progetti\\\/a-parma-ce-un-punto-dove-il-digitale-e-facile\\\/#breadcrumb\"},\"inLanguage\":\"it-IT\",\"potentialAction\":[{\"@type\":\"ReadAction\",\"target\":[\"https:\\\/\\\/seforaimpresasociale.it\\\/etr\\\/progetti\\\/a-parma-ce-un-punto-dove-il-digitale-e-facile\\\/\"]}]},{\"@type\":\"BreadcrumbList\",\"@id\":\"https:\\\/\\\/seforaimpresasociale.it\\\/etr\\\/progetti\\\/a-parma-ce-un-punto-dove-il-digitale-e-facile\\\/#breadcrumb\",\"itemListElement\":[{\"@type\":\"ListItem\",\"position\":1,\"name\":\"Home\",\"item\":\"https:\\\/\\\/seforaimpresasociale.it\\\/etr\\\/\"},{\"@type\":\"ListItem\",\"position\":2,\"name\":\"Progetti\",\"item\":\"https:\\\/\\\/seforaimpresasociale.it\\\/etr\\\/progetti\\\/\"},{\"@type\":\"ListItem\",\"position\":3,\"name\":\"A Parma c\u2019\u00e8 un Punto dove il digitale \u00e8 facile\"}]},{\"@type\":\"WebSite\",\"@id\":\"https:\\\/\\\/seforaimpresasociale.it\\\/etr\\\/#website\",\"url\":\"https:\\\/\\\/seforaimpresasociale.it\\\/etr\\\/\",\"name\":\"S\u00e9fora ETR\",\"description\":\"\",\"publisher\":{\"@id\":\"https:\\\/\\\/seforaimpresasociale.it\\\/etr\\\/#organization\"},\"potentialAction\":[{\"@type\":\"SearchAction\",\"target\":{\"@type\":\"EntryPoint\",\"urlTemplate\":\"https:\\\/\\\/seforaimpresasociale.it\\\/etr\\\/?s={search_term_string}\"},\"query-input\":{\"@type\":\"PropertyValueSpecification\",\"valueRequired\":true,\"valueName\":\"search_term_string\"}}],\"inLanguage\":\"it-IT\"},{\"@type\":\"Organization\",\"@id\":\"https:\\\/\\\/seforaimpresasociale.it\\\/etr\\\/#organization\",\"name\":\"S\u00e9fora ETR\",\"url\":\"https:\\\/\\\/seforaimpresasociale.it\\\/etr\\\/\",\"logo\":{\"@type\":\"ImageObject\",\"inLanguage\":\"it-IT\",\"@id\":\"https:\\\/\\\/seforaimpresasociale.it\\\/etr\\\/#\\\/schema\\\/logo\\\/image\\\/\",\"url\":\"https:\\\/\\\/seforaimpresasociale.it\\\/etr\\\/wp-content\\\/uploads\\\/2024\\\/10\\\/Logo-as-JPEG.jpg\",\"contentUrl\":\"https:\\\/\\\/seforaimpresasociale.it\\\/etr\\\/wp-content\\\/uploads\\\/2024\\\/10\\\/Logo-as-JPEG.jpg\",\"width\":829,\"height\":823,\"caption\":\"S\u00e9fora ETR\"},\"image\":{\"@id\":\"https:\\\/\\\/seforaimpresasociale.it\\\/etr\\\/#\\\/schema\\\/logo\\\/image\\\/\"}}]}<\/script>\n<!-- \/ Yoast SEO plugin. -->","yoast_head_json":{"title":"A Parma c\u2019\u00e8 un Punto dove il digitale \u00e8 facile - S\u00e9fora ETR","robots":{"index":"index","follow":"follow","max-snippet":"max-snippet:-1","max-image-preview":"max-image-preview:large","max-video-preview":"max-video-preview:-1"},"canonical":"https:\/\/seforaimpresasociale.it\/etr\/progetti\/a-parma-ce-un-punto-dove-il-digitale-e-facile\/","og_locale":"it_IT","og_type":"article","og_title":"A Parma c\u2019\u00e8 un Punto dove il digitale \u00e8 facile - S\u00e9fora ETR","og_description":"A Parma c\u2019\u00e8 un postodove puoi andarese ti serve aiuto con i dispositivi digitali,per esempio, il computer o il cellulare. Ecco cosa puoi fare Attivare lo Spidlo Spid \u00e8 un sistema di riconoscimentoche ti serve per entrare su alcuni siti dello Stato italiano Accedere al Fascicolo Sanitario Elettronicodove puoi trovare i tuoi documenti medici su [&hellip;]","og_url":"https:\/\/seforaimpresasociale.it\/etr\/progetti\/a-parma-ce-un-punto-dove-il-digitale-e-facile\/","og_site_name":"S\u00e9fora ETR","article_modified_time":"2024-12-10T08:38:28+00:00","twitter_card":"summary_large_image","twitter_misc":{"Tempo di lettura stimato":"1 minuto"},"schema":{"@context":"https:\/\/schema.org","@graph":[{"@type":"WebPage","@id":"https:\/\/seforaimpresasociale.it\/etr\/progetti\/a-parma-ce-un-punto-dove-il-digitale-e-facile\/","url":"https:\/\/seforaimpresasociale.it\/etr\/progetti\/a-parma-ce-un-punto-dove-il-digitale-e-facile\/","name":"A Parma c\u2019\u00e8 un Punto dove il digitale \u00e8 facile - S\u00e9fora ETR","isPartOf":{"@id":"https:\/\/seforaimpresasociale.it\/etr\/#website"},"datePublished":"2024-11-19T10:15:37+00:00","dateModified":"2024-12-10T08:38:28+00:00","breadcrumb":{"@id":"https:\/\/seforaimpresasociale.it\/etr\/progetti\/a-parma-ce-un-punto-dove-il-digitale-e-facile\/#breadcrumb"},"inLanguage":"it-IT","potentialAction":[{"@type":"ReadAction","target":["https:\/\/seforaimpresasociale.it\/etr\/progetti\/a-parma-ce-un-punto-dove-il-digitale-e-facile\/"]}]},{"@type":"BreadcrumbList","@id":"https:\/\/seforaimpresasociale.it\/etr\/progetti\/a-parma-ce-un-punto-dove-il-digitale-e-facile\/#breadcrumb","itemListElement":[{"@type":"ListItem","position":1,"name":"Home","item":"https:\/\/seforaimpresasociale.it\/etr\/"},{"@type":"ListItem","position":2,"name":"Progetti","item":"https:\/\/seforaimpresasociale.it\/etr\/progetti\/"},{"@type":"ListItem","position":3,"name":"A Parma c\u2019\u00e8 un Punto dove il digitale \u00e8 facile"}]},{"@type":"WebSite","@id":"https:\/\/seforaimpresasociale.it\/etr\/#website","url":"https:\/\/seforaimpresasociale.it\/etr\/","name":"S\u00e9fora ETR","description":"","publisher":{"@id":"https:\/\/seforaimpresasociale.it\/etr\/#organization"},"potentialAction":[{"@type":"SearchAction","target":{"@type":"EntryPoint","urlTemplate":"https:\/\/seforaimpresasociale.it\/etr\/?s={search_term_string}"},"query-input":{"@type":"PropertyValueSpecification","valueRequired":true,"valueName":"search_term_string"}}],"inLanguage":"it-IT"},{"@type":"Organization","@id":"https:\/\/seforaimpresasociale.it\/etr\/#organization","name":"S\u00e9fora ETR","url":"https:\/\/seforaimpresasociale.it\/etr\/","logo":{"@type":"ImageObject","inLanguage":"it-IT","@id":"https:\/\/seforaimpresasociale.it\/etr\/#\/schema\/logo\/image\/","url":"https:\/\/seforaimpresasociale.it\/etr\/wp-content\/uploads\/2024\/10\/Logo-as-JPEG.jpg","contentUrl":"https:\/\/seforaimpresasociale.it\/etr\/wp-content\/uploads\/2024\/10\/Logo-as-JPEG.jpg","width":829,"height":823,"caption":"S\u00e9fora ETR"},"image":{"@id":"https:\/\/seforaimpresasociale.it\/etr\/#\/schema\/logo\/image\/"}}]}},"_links":{"self":[{"href":"https:\/\/seforaimpresasociale.it\/etr\/wp-json\/wp\/v2\/pages\/490","targetHints":{"allow":["GET"]}}],"collection":[{"href":"https:\/\/seforaimpresasociale.it\/etr\/wp-json\/wp\/v2\/pages"}],"about":[{"href":"https:\/\/seforaimpresasociale.it\/etr\/wp-json\/wp\/v2\/types\/page"}],"author":[{"embeddable":true,"href":"https:\/\/seforaimpresasociale.it\/etr\/wp-json\/wp\/v2\/users\/2"}],"replies":[{"embeddable":true,"href":"https:\/\/seforaimpresasociale.it\/etr\/wp-json\/wp\/v2\/comments?post=490"}],"version-history":[{"count":29,"href":"https:\/\/seforaimpresasociale.it\/etr\/wp-json\/wp\/v2\/pages\/490\/revisions"}],"predecessor-version":[{"id":811,"href":"https:\/\/seforaimpresasociale.it\/etr\/wp-json\/wp\/v2\/pages\/490\/revisions\/811"}],"up":[{"embeddable":true,"href":"https:\/\/seforaimpresasociale.it\/etr\/wp-json\/wp\/v2\/pages\/486"}],"wp:attachment":[{"href":"https:\/\/seforaimpresasociale.it\/etr\/wp-json\/wp\/v2\/media?parent=490"}],"curies":[{"name":"wp","href":"https:\/\/api.w.org\/{rel}","templated":true}]}}