{"id":465,"date":"2024-11-13T09:01:09","date_gmt":"2024-11-13T09:01:09","guid":{"rendered":"https:\/\/seforaimpresasociale.it\/etr\/?page_id=465"},"modified":"2024-12-10T10:31:00","modified_gmt":"2024-12-10T10:31:00","slug":"servizi-alla-persona","status":"publish","type":"page","link":"https:\/\/seforaimpresasociale.it\/etr\/servizi\/servizi-alla-persona\/","title":{"rendered":"Servizi alla persona"},"content":{"rendered":"\t\t<div data-elementor-type=\"wp-page\" data-elementor-id=\"465\" class=\"elementor elementor-465\" data-elementor-post-type=\"page\">\n\t\t\t\t<div class=\"elementor-element elementor-element-c1276a7 e-flex e-con-boxed e-con e-parent\" data-id=\"c1276a7\" data-element_type=\"container\" data-e-type=\"container\">\n\t\t\t\t\t<div class=\"e-con-inner\">\n\t\t<div class=\"elementor-element elementor-element-8798c64 e-con-full e-flex e-con e-child\" data-id=\"8798c64\" data-element_type=\"container\" data-e-type=\"container\">\n\t\t\t\t<div class=\"elementor-element elementor-element-95c6c0e elementor-widget-divider--view-line elementor-widget elementor-widget-divider\" data-id=\"95c6c0e\" data-element_type=\"widget\" data-e-type=\"widget\" data-widget_type=\"divider.default\">\n\t\t\t\t<div class=\"elementor-widget-container\">\n\t\t\t\t\t\t\t<div class=\"elementor-divider\">\n\t\t\t<span class=\"elementor-divider-separator\">\n\t\t\t\t\t\t<\/span>\n\t\t<\/div>\n\t\t\t\t\t\t<\/div>\n\t\t\t\t<\/div>\n\t\t\t\t<div class=\"elementor-element elementor-element-4759f6a elementor-widget elementor-widget-text-editor\" data-id=\"4759f6a\" data-element_type=\"widget\" data-e-type=\"widget\" data-widget_type=\"text-editor.default\">\n\t\t\t\t<div class=\"elementor-widget-container\">\n\t\t\t\t\t\t\t\t\t<p>I nostri servizi alla persona<br \/>sono per le persone con disabilit\u00e0<br \/>che cercano un lavoro.<br \/>Offriamo diversi servizi<br \/>per dare consigli e aiutare le persone con disabilit\u00e0<br \/>a scegliere il tipo di lavoro<br \/>che va bene per loro<\/p><p>I nostri servizi hanno diverse fasi.<\/p><div>\u00a0<\/div>\t\t\t\t\t\t\t\t<\/div>\n\t\t\t\t<\/div>\n\t\t\t\t<\/div>\n\t\t\t\t\t<\/div>\n\t\t\t\t<\/div>\n\t\t<div class=\"elementor-element elementor-element-036175a e-flex e-con-boxed e-con e-parent\" data-id=\"036175a\" data-element_type=\"container\" data-e-type=\"container\">\n\t\t\t\t\t<div class=\"e-con-inner\">\n\t\t<div class=\"elementor-element elementor-element-406adb4 e-con-full e-flex e-con e-child\" data-id=\"406adb4\" data-element_type=\"container\" data-e-type=\"container\">\n\t\t\t\t<div class=\"elementor-element elementor-element-e31ac28 elementor-widget-divider--view-line elementor-widget elementor-widget-divider\" data-id=\"e31ac28\" data-element_type=\"widget\" data-e-type=\"widget\" data-widget_type=\"divider.default\">\n\t\t\t\t<div class=\"elementor-widget-container\">\n\t\t\t\t\t\t\t<div class=\"elementor-divider\">\n\t\t\t<span class=\"elementor-divider-separator\">\n\t\t\t\t\t\t<\/span>\n\t\t<\/div>\n\t\t\t\t\t\t<\/div>\n\t\t\t\t<\/div>\n\t\t\t\t<div class=\"elementor-element elementor-element-e838569 elementor-widget elementor-widget-text-editor\" data-id=\"e838569\" data-element_type=\"widget\" data-e-type=\"widget\" data-widget_type=\"text-editor.default\">\n\t\t\t\t<div class=\"elementor-widget-container\">\n\t\t\t\t\t\t\t\t\t<p><b>Fase 1<\/b><\/p><p>Cerchiamo di capire<br \/>quali sono i punti di forza e le difficolt\u00e0 della persona con disabilit\u00e0<br \/>e che cosa lui o lei preferisce.<\/p>\t\t\t\t\t\t\t\t<\/div>\n\t\t\t\t<\/div>\n\t\t\t\t<\/div>\n\t\t\t\t\t<\/div>\n\t\t\t\t<\/div>\n\t\t<div class=\"elementor-element elementor-element-e4b2bbd e-flex e-con-boxed e-con e-parent\" data-id=\"e4b2bbd\" data-element_type=\"container\" data-e-type=\"container\">\n\t\t\t\t\t<div class=\"e-con-inner\">\n\t\t<div class=\"elementor-element elementor-element-e586119 e-con-full e-flex e-con e-child\" data-id=\"e586119\" data-element_type=\"container\" data-e-type=\"container\">\n\t\t\t\t<div class=\"elementor-element elementor-element-b64f2d3 elementor-widget-divider--view-line elementor-widget elementor-widget-divider\" data-id=\"b64f2d3\" data-element_type=\"widget\" data-e-type=\"widget\" data-widget_type=\"divider.default\">\n\t\t\t\t<div class=\"elementor-widget-container\">\n\t\t\t\t\t\t\t<div class=\"elementor-divider\">\n\t\t\t<span class=\"elementor-divider-separator\">\n\t\t\t\t\t\t<\/span>\n\t\t<\/div>\n\t\t\t\t\t\t<\/div>\n\t\t\t\t<\/div>\n\t\t\t\t<div class=\"elementor-element elementor-element-945dfd8 elementor-widget elementor-widget-text-editor\" data-id=\"945dfd8\" data-element_type=\"widget\" data-e-type=\"widget\" data-widget_type=\"text-editor.default\">\n\t\t\t\t<div class=\"elementor-widget-container\">\n\t\t\t\t\t\t\t\t\t<p><b>Fase 2<\/b> <\/p><p>Consigliamo alla persona con disabilit\u00e0<br \/>il tipo di lavoro che \u00e8 pi\u00f9 adatto per le sue caratteristiche.<\/p>\t\t\t\t\t\t\t\t<\/div>\n\t\t\t\t<\/div>\n\t\t\t\t<\/div>\n\t\t\t\t\t<\/div>\n\t\t\t\t<\/div>\n\t\t<div class=\"elementor-element elementor-element-22894e2 e-flex e-con-boxed e-con e-parent\" data-id=\"22894e2\" data-element_type=\"container\" data-e-type=\"container\">\n\t\t\t\t\t<div class=\"e-con-inner\">\n\t\t<div class=\"elementor-element elementor-element-95d5194 e-con-full e-flex e-con e-child\" data-id=\"95d5194\" data-element_type=\"container\" data-e-type=\"container\">\n\t\t\t\t<div class=\"elementor-element elementor-element-bd6c0a1 elementor-widget-divider--view-line elementor-widget elementor-widget-divider\" data-id=\"bd6c0a1\" data-element_type=\"widget\" data-e-type=\"widget\" data-widget_type=\"divider.default\">\n\t\t\t\t<div class=\"elementor-widget-container\">\n\t\t\t\t\t\t\t<div class=\"elementor-divider\">\n\t\t\t<span class=\"elementor-divider-separator\">\n\t\t\t\t\t\t<\/span>\n\t\t<\/div>\n\t\t\t\t\t\t<\/div>\n\t\t\t\t<\/div>\n\t\t\t\t<div class=\"elementor-element elementor-element-c13f6fd elementor-widget elementor-widget-text-editor\" data-id=\"c13f6fd\" data-element_type=\"widget\" data-e-type=\"widget\" data-widget_type=\"text-editor.default\">\n\t\t\t\t<div class=\"elementor-widget-container\">\n\t\t\t\t\t\t\t\t\t<p><b>Fase 3<\/b> <\/p><p>Definiamo degli obiettivi da raggiungere<br \/>e creiamo dei percorsi personalizzati,<br \/>cos\u00ec la persona con disabilit\u00e0 pu\u00f2 imparare a lavorare.<br \/>Ci occupiamo di tutto noi,<br \/>dal CV al colloquio di lavoro.<br \/>CV vuol dire:<br \/>Curriculum Vitae<br \/>ed \u00e8 un documento<br \/>dove \u00e8 scritto<br \/>che cosa una persona ha studiato<br \/>e che tipi di lavoro ha fatto.<\/p>\t\t\t\t\t\t\t\t<\/div>\n\t\t\t\t<\/div>\n\t\t\t\t<\/div>\n\t\t\t\t\t<\/div>\n\t\t\t\t<\/div>\n\t\t<div class=\"elementor-element elementor-element-6cfaadc e-flex e-con-boxed e-con e-parent\" data-id=\"6cfaadc\" data-element_type=\"container\" data-e-type=\"container\">\n\t\t\t\t\t<div class=\"e-con-inner\">\n\t\t<div class=\"elementor-element elementor-element-47f7883 e-con-full e-flex e-con e-child\" data-id=\"47f7883\" data-element_type=\"container\" data-e-type=\"container\">\n\t\t\t\t<div class=\"elementor-element elementor-element-61b0169 elementor-widget-divider--view-line elementor-widget elementor-widget-divider\" data-id=\"61b0169\" data-element_type=\"widget\" data-e-type=\"widget\" data-widget_type=\"divider.default\">\n\t\t\t\t<div class=\"elementor-widget-container\">\n\t\t\t\t\t\t\t<div class=\"elementor-divider\">\n\t\t\t<span class=\"elementor-divider-separator\">\n\t\t\t\t\t\t<\/span>\n\t\t<\/div>\n\t\t\t\t\t\t<\/div>\n\t\t\t\t<\/div>\n\t\t\t\t<div class=\"elementor-element elementor-element-62a47a8 elementor-widget elementor-widget-text-editor\" data-id=\"62a47a8\" data-element_type=\"widget\" data-e-type=\"widget\" data-widget_type=\"text-editor.default\">\n\t\t\t\t<div class=\"elementor-widget-container\">\n\t\t\t\t\t\t\t\t\t<p><b>Fase 4<\/b><\/p><p>Usiamo un Job Coach<br \/>per accompagnare la persona<br \/>mentre impara a lavorare.<br \/>Un Job Coach \u00e8 una specie di allenatore al lavoro<br \/>che insegna alla persona<br \/>come svolgere il lavoro.<\/p>\t\t\t\t\t\t\t\t<\/div>\n\t\t\t\t<\/div>\n\t\t\t\t<\/div>\n\t\t\t\t\t<\/div>\n\t\t\t\t<\/div>\n\t\t<div class=\"elementor-element elementor-element-54b5bdb e-flex e-con-boxed e-con e-parent\" data-id=\"54b5bdb\" data-element_type=\"container\" data-e-type=\"container\">\n\t\t\t\t\t<div class=\"e-con-inner\">\n\t\t<div class=\"elementor-element elementor-element-bac2509 e-con-full e-flex e-con e-child\" data-id=\"bac2509\" data-element_type=\"container\" data-e-type=\"container\">\n\t\t\t\t<div class=\"elementor-element elementor-element-a78c849 elementor-widget-divider--view-line elementor-widget elementor-widget-divider\" data-id=\"a78c849\" data-element_type=\"widget\" data-e-type=\"widget\" data-widget_type=\"divider.default\">\n\t\t\t\t<div class=\"elementor-widget-container\">\n\t\t\t\t\t\t\t<div class=\"elementor-divider\">\n\t\t\t<span class=\"elementor-divider-separator\">\n\t\t\t\t\t\t<\/span>\n\t\t<\/div>\n\t\t\t\t\t\t<\/div>\n\t\t\t\t<\/div>\n\t\t\t\t<div class=\"elementor-element elementor-element-bd86894 elementor-widget elementor-widget-text-editor\" data-id=\"bd86894\" data-element_type=\"widget\" data-e-type=\"widget\" data-widget_type=\"text-editor.default\">\n\t\t\t\t<div class=\"elementor-widget-container\">\n\t\t\t\t\t\t\t\t\t<p><b>Fase 5<\/b><\/p><p>Controlliamo attentamente come va il percorso per imparare a lavorare.<br \/>Se qualcosa non va bene,<br \/>la cambiamo.<br \/>Per esempio,<br \/>se la persona con disabilit\u00e0 ha bisogno di pi\u00f9 aiuto,<br \/>diamo a lui o lei maggiore sostegno.<\/p>\t\t\t\t\t\t\t\t<\/div>\n\t\t\t\t<\/div>\n\t\t\t\t<\/div>\n\t\t\t\t\t<\/div>\n\t\t\t\t<\/div>\n\t\t\t\t<\/div>\n\t\t","protected":false},"excerpt":{"rendered":"<p>I nostri servizi alla personasono per le persone con disabilit\u00e0che cercano un lavoro.Offriamo diversi serviziper dare consigli e aiutare le persone con disabilit\u00e0a scegliere il tipo di lavoroche va bene per loro I nostri servizi hanno diverse fasi. Fase 1 Cerchiamo di capirequali sono i punti di forza e le difficolt\u00e0 della persona con disabilit\u00e0e [&hellip;]<\/p>\n","protected":false},"author":2,"featured_media":0,"parent":236,"menu_order":0,"comment_status":"closed","ping_status":"closed","template":"","meta":{"footnotes":""},"class_list":["post-465","page","type-page","status-publish","hentry"],"yoast_head":"<!-- This site is optimized with the Yoast SEO plugin v27.3 - https:\/\/yoast.com\/product\/yoast-seo-wordpress\/ -->\n<title>Servizi alla persona - S\u00e9fora ETR<\/title>\n<meta name=\"robots\" content=\"index, follow, max-snippet:-1, max-image-preview:large, max-video-preview:-1\" \/>\n<link rel=\"canonical\" href=\"https:\/\/seforaimpresasociale.it\/etr\/servizi\/servizi-alla-persona\/\" \/>\n<meta property=\"og:locale\" content=\"it_IT\" \/>\n<meta property=\"og:type\" content=\"article\" \/>\n<meta property=\"og:title\" content=\"Servizi alla persona - S\u00e9fora ETR\" \/>\n<meta property=\"og:description\" content=\"I nostri servizi alla personasono per le persone con disabilit\u00e0che cercano un lavoro.Offriamo diversi serviziper dare consigli e aiutare le persone con disabilit\u00e0a scegliere il tipo di lavoroche va bene per loro I nostri servizi hanno diverse fasi. Fase 1 Cerchiamo di capirequali sono i punti di forza e le difficolt\u00e0 della persona con disabilit\u00e0e [&hellip;]\" \/>\n<meta property=\"og:url\" content=\"https:\/\/seforaimpresasociale.it\/etr\/servizi\/servizi-alla-persona\/\" \/>\n<meta property=\"og:site_name\" content=\"S\u00e9fora ETR\" \/>\n<meta property=\"article:modified_time\" content=\"2024-12-10T10:31:00+00:00\" \/>\n<meta name=\"twitter:card\" content=\"summary_large_image\" \/>\n<meta name=\"twitter:label1\" content=\"Tempo di lettura stimato\" \/>\n\t<meta name=\"twitter:data1\" content=\"2 minuti\" \/>\n<script type=\"application\/ld+json\" class=\"yoast-schema-graph\">{\"@context\":\"https:\\\/\\\/schema.org\",\"@graph\":[{\"@type\":\"WebPage\",\"@id\":\"https:\\\/\\\/seforaimpresasociale.it\\\/etr\\\/servizi\\\/servizi-alla-persona\\\/\",\"url\":\"https:\\\/\\\/seforaimpresasociale.it\\\/etr\\\/servizi\\\/servizi-alla-persona\\\/\",\"name\":\"Servizi alla persona - S\u00e9fora ETR\",\"isPartOf\":{\"@id\":\"https:\\\/\\\/seforaimpresasociale.it\\\/etr\\\/#website\"},\"datePublished\":\"2024-11-13T09:01:09+00:00\",\"dateModified\":\"2024-12-10T10:31:00+00:00\",\"breadcrumb\":{\"@id\":\"https:\\\/\\\/seforaimpresasociale.it\\\/etr\\\/servizi\\\/servizi-alla-persona\\\/#breadcrumb\"},\"inLanguage\":\"it-IT\",\"potentialAction\":[{\"@type\":\"ReadAction\",\"target\":[\"https:\\\/\\\/seforaimpresasociale.it\\\/etr\\\/servizi\\\/servizi-alla-persona\\\/\"]}]},{\"@type\":\"BreadcrumbList\",\"@id\":\"https:\\\/\\\/seforaimpresasociale.it\\\/etr\\\/servizi\\\/servizi-alla-persona\\\/#breadcrumb\",\"itemListElement\":[{\"@type\":\"ListItem\",\"position\":1,\"name\":\"Home\",\"item\":\"https:\\\/\\\/seforaimpresasociale.it\\\/etr\\\/\"},{\"@type\":\"ListItem\",\"position\":2,\"name\":\"Servizi\",\"item\":\"https:\\\/\\\/seforaimpresasociale.it\\\/etr\\\/servizi\\\/\"},{\"@type\":\"ListItem\",\"position\":3,\"name\":\"Servizi alla persona\"}]},{\"@type\":\"WebSite\",\"@id\":\"https:\\\/\\\/seforaimpresasociale.it\\\/etr\\\/#website\",\"url\":\"https:\\\/\\\/seforaimpresasociale.it\\\/etr\\\/\",\"name\":\"S\u00e9fora ETR\",\"description\":\"\",\"publisher\":{\"@id\":\"https:\\\/\\\/seforaimpresasociale.it\\\/etr\\\/#organization\"},\"potentialAction\":[{\"@type\":\"SearchAction\",\"target\":{\"@type\":\"EntryPoint\",\"urlTemplate\":\"https:\\\/\\\/seforaimpresasociale.it\\\/etr\\\/?s={search_term_string}\"},\"query-input\":{\"@type\":\"PropertyValueSpecification\",\"valueRequired\":true,\"valueName\":\"search_term_string\"}}],\"inLanguage\":\"it-IT\"},{\"@type\":\"Organization\",\"@id\":\"https:\\\/\\\/seforaimpresasociale.it\\\/etr\\\/#organization\",\"name\":\"S\u00e9fora ETR\",\"url\":\"https:\\\/\\\/seforaimpresasociale.it\\\/etr\\\/\",\"logo\":{\"@type\":\"ImageObject\",\"inLanguage\":\"it-IT\",\"@id\":\"https:\\\/\\\/seforaimpresasociale.it\\\/etr\\\/#\\\/schema\\\/logo\\\/image\\\/\",\"url\":\"https:\\\/\\\/seforaimpresasociale.it\\\/etr\\\/wp-content\\\/uploads\\\/2024\\\/10\\\/Logo-as-JPEG.jpg\",\"contentUrl\":\"https:\\\/\\\/seforaimpresasociale.it\\\/etr\\\/wp-content\\\/uploads\\\/2024\\\/10\\\/Logo-as-JPEG.jpg\",\"width\":829,\"height\":823,\"caption\":\"S\u00e9fora ETR\"},\"image\":{\"@id\":\"https:\\\/\\\/seforaimpresasociale.it\\\/etr\\\/#\\\/schema\\\/logo\\\/image\\\/\"}}]}<\/script>\n<!-- \/ Yoast SEO plugin. -->","yoast_head_json":{"title":"Servizi alla persona - S\u00e9fora ETR","robots":{"index":"index","follow":"follow","max-snippet":"max-snippet:-1","max-image-preview":"max-image-preview:large","max-video-preview":"max-video-preview:-1"},"canonical":"https:\/\/seforaimpresasociale.it\/etr\/servizi\/servizi-alla-persona\/","og_locale":"it_IT","og_type":"article","og_title":"Servizi alla persona - S\u00e9fora ETR","og_description":"I nostri servizi alla personasono per le persone con disabilit\u00e0che cercano un lavoro.Offriamo diversi serviziper dare consigli e aiutare le persone con disabilit\u00e0a scegliere il tipo di lavoroche va bene per loro I nostri servizi hanno diverse fasi. Fase 1 Cerchiamo di capirequali sono i punti di forza e le difficolt\u00e0 della persona con disabilit\u00e0e [&hellip;]","og_url":"https:\/\/seforaimpresasociale.it\/etr\/servizi\/servizi-alla-persona\/","og_site_name":"S\u00e9fora ETR","article_modified_time":"2024-12-10T10:31:00+00:00","twitter_card":"summary_large_image","twitter_misc":{"Tempo di lettura stimato":"2 minuti"},"schema":{"@context":"https:\/\/schema.org","@graph":[{"@type":"WebPage","@id":"https:\/\/seforaimpresasociale.it\/etr\/servizi\/servizi-alla-persona\/","url":"https:\/\/seforaimpresasociale.it\/etr\/servizi\/servizi-alla-persona\/","name":"Servizi alla persona - S\u00e9fora ETR","isPartOf":{"@id":"https:\/\/seforaimpresasociale.it\/etr\/#website"},"datePublished":"2024-11-13T09:01:09+00:00","dateModified":"2024-12-10T10:31:00+00:00","breadcrumb":{"@id":"https:\/\/seforaimpresasociale.it\/etr\/servizi\/servizi-alla-persona\/#breadcrumb"},"inLanguage":"it-IT","potentialAction":[{"@type":"ReadAction","target":["https:\/\/seforaimpresasociale.it\/etr\/servizi\/servizi-alla-persona\/"]}]},{"@type":"BreadcrumbList","@id":"https:\/\/seforaimpresasociale.it\/etr\/servizi\/servizi-alla-persona\/#breadcrumb","itemListElement":[{"@type":"ListItem","position":1,"name":"Home","item":"https:\/\/seforaimpresasociale.it\/etr\/"},{"@type":"ListItem","position":2,"name":"Servizi","item":"https:\/\/seforaimpresasociale.it\/etr\/servizi\/"},{"@type":"ListItem","position":3,"name":"Servizi alla persona"}]},{"@type":"WebSite","@id":"https:\/\/seforaimpresasociale.it\/etr\/#website","url":"https:\/\/seforaimpresasociale.it\/etr\/","name":"S\u00e9fora ETR","description":"","publisher":{"@id":"https:\/\/seforaimpresasociale.it\/etr\/#organization"},"potentialAction":[{"@type":"SearchAction","target":{"@type":"EntryPoint","urlTemplate":"https:\/\/seforaimpresasociale.it\/etr\/?s={search_term_string}"},"query-input":{"@type":"PropertyValueSpecification","valueRequired":true,"valueName":"search_term_string"}}],"inLanguage":"it-IT"},{"@type":"Organization","@id":"https:\/\/seforaimpresasociale.it\/etr\/#organization","name":"S\u00e9fora ETR","url":"https:\/\/seforaimpresasociale.it\/etr\/","logo":{"@type":"ImageObject","inLanguage":"it-IT","@id":"https:\/\/seforaimpresasociale.it\/etr\/#\/schema\/logo\/image\/","url":"https:\/\/seforaimpresasociale.it\/etr\/wp-content\/uploads\/2024\/10\/Logo-as-JPEG.jpg","contentUrl":"https:\/\/seforaimpresasociale.it\/etr\/wp-content\/uploads\/2024\/10\/Logo-as-JPEG.jpg","width":829,"height":823,"caption":"S\u00e9fora ETR"},"image":{"@id":"https:\/\/seforaimpresasociale.it\/etr\/#\/schema\/logo\/image\/"}}]}},"_links":{"self":[{"href":"https:\/\/seforaimpresasociale.it\/etr\/wp-json\/wp\/v2\/pages\/465","targetHints":{"allow":["GET"]}}],"collection":[{"href":"https:\/\/seforaimpresasociale.it\/etr\/wp-json\/wp\/v2\/pages"}],"about":[{"href":"https:\/\/seforaimpresasociale.it\/etr\/wp-json\/wp\/v2\/types\/page"}],"author":[{"embeddable":true,"href":"https:\/\/seforaimpresasociale.it\/etr\/wp-json\/wp\/v2\/users\/2"}],"replies":[{"embeddable":true,"href":"https:\/\/seforaimpresasociale.it\/etr\/wp-json\/wp\/v2\/comments?post=465"}],"version-history":[{"count":13,"href":"https:\/\/seforaimpresasociale.it\/etr\/wp-json\/wp\/v2\/pages\/465\/revisions"}],"predecessor-version":[{"id":815,"href":"https:\/\/seforaimpresasociale.it\/etr\/wp-json\/wp\/v2\/pages\/465\/revisions\/815"}],"up":[{"embeddable":true,"href":"https:\/\/seforaimpresasociale.it\/etr\/wp-json\/wp\/v2\/pages\/236"}],"wp:attachment":[{"href":"https:\/\/seforaimpresasociale.it\/etr\/wp-json\/wp\/v2\/media?parent=465"}],"curies":[{"name":"wp","href":"https:\/\/api.w.org\/{rel}","templated":true}]}}