{"id":236,"date":"2024-10-30T15:05:11","date_gmt":"2024-10-30T15:05:11","guid":{"rendered":"https:\/\/seforaimpresasociale.it\/etr\/?page_id=236"},"modified":"2024-12-05T08:55:52","modified_gmt":"2024-12-05T08:55:52","slug":"servizi","status":"publish","type":"page","link":"https:\/\/seforaimpresasociale.it\/etr\/servizi\/","title":{"rendered":"Servizi"},"content":{"rendered":"\t\t<div data-elementor-type=\"wp-page\" data-elementor-id=\"236\" class=\"elementor elementor-236\" data-elementor-post-type=\"page\">\n\t\t\t\t<div class=\"elementor-element elementor-element-439711f e-flex e-con-boxed e-con e-parent\" data-id=\"439711f\" data-element_type=\"container\" data-e-type=\"container\">\n\t\t\t\t\t<div class=\"e-con-inner\">\n\t\t<div class=\"elementor-element elementor-element-5408c44 e-con-full e-flex e-con e-child\" data-id=\"5408c44\" data-element_type=\"container\" data-e-type=\"container\">\n\t\t\t\t<div class=\"elementor-element elementor-element-2c4ff89 elementor-widget-divider--view-line elementor-widget elementor-widget-divider\" data-id=\"2c4ff89\" data-element_type=\"widget\" data-e-type=\"widget\" data-widget_type=\"divider.default\">\n\t\t\t\t<div class=\"elementor-widget-container\">\n\t\t\t\t\t\t\t<div class=\"elementor-divider\">\n\t\t\t<span class=\"elementor-divider-separator\">\n\t\t\t\t\t\t<\/span>\n\t\t<\/div>\n\t\t\t\t\t\t<\/div>\n\t\t\t\t<\/div>\n\t\t\t\t<div class=\"elementor-element elementor-element-35d8e09 elementor-widget elementor-widget-text-editor\" data-id=\"35d8e09\" data-element_type=\"widget\" data-e-type=\"widget\" data-widget_type=\"text-editor.default\">\n\t\t\t\t<div class=\"elementor-widget-container\">\n\t\t\t\t\t\t\t\t\t<p><strong>Servizi alla persona<\/strong><\/p><p>I nostri servizi alla persona<br \/>sono per le persone con disabilit\u00e0<br \/>che cercano un lavoro.<br \/>Le aiutiamo a trovare un posto di lavoro<br \/>e ad imparare le abilit\u00e0 richieste per lavorare.<\/p><p><a href=\"https:\/\/seforaimpresasociale.it\/etr\/servizi-alla-persona\/\">Scopri i servizi alla persona.<\/a><\/p>\t\t\t\t\t\t\t\t<\/div>\n\t\t\t\t<\/div>\n\t\t\t\t<\/div>\n\t\t\t\t\t<\/div>\n\t\t\t\t<\/div>\n\t\t<div class=\"elementor-element elementor-element-38a1aa4 e-flex e-con-boxed e-con e-parent\" data-id=\"38a1aa4\" data-element_type=\"container\" data-e-type=\"container\">\n\t\t\t\t\t<div class=\"e-con-inner\">\n\t\t<div class=\"elementor-element elementor-element-6c84878 e-con-full e-flex e-con e-child\" data-id=\"6c84878\" data-element_type=\"container\" data-e-type=\"container\">\n\t\t\t\t<div class=\"elementor-element elementor-element-bc38248 elementor-widget-divider--view-line elementor-widget elementor-widget-divider\" data-id=\"bc38248\" data-element_type=\"widget\" data-e-type=\"widget\" data-widget_type=\"divider.default\">\n\t\t\t\t<div class=\"elementor-widget-container\">\n\t\t\t\t\t\t\t<div class=\"elementor-divider\">\n\t\t\t<span class=\"elementor-divider-separator\">\n\t\t\t\t\t\t<\/span>\n\t\t<\/div>\n\t\t\t\t\t\t<\/div>\n\t\t\t\t<\/div>\n\t\t\t\t<div class=\"elementor-element elementor-element-5d3e351 elementor-widget elementor-widget-text-editor\" data-id=\"5d3e351\" data-element_type=\"widget\" data-e-type=\"widget\" data-widget_type=\"text-editor.default\">\n\t\t\t\t<div class=\"elementor-widget-container\">\n\t\t\t\t\t\t\t\t\t<p><strong>Servizi alle aziende<\/strong><\/p><p>Aiutiamo le organizzazioni, aziende e associazioni<br \/>che vogliono dare un lavoro<br \/>alle persone con disabilit\u00e0.<\/p><p><a href=\"https:\/\/seforaimpresasociale.it\/etr\/servizi-alle-aziende\/\">Scopri i servizi alle aziende.<\/a><\/p>\t\t\t\t\t\t\t\t<\/div>\n\t\t\t\t<\/div>\n\t\t\t\t<\/div>\n\t\t\t\t\t<\/div>\n\t\t\t\t<\/div>\n\t\t<div class=\"elementor-element elementor-element-f33e3a2 e-flex e-con-boxed e-con e-parent\" data-id=\"f33e3a2\" data-element_type=\"container\" data-e-type=\"container\">\n\t\t\t\t\t<div class=\"e-con-inner\">\n\t\t<div class=\"elementor-element elementor-element-2ee83c0 e-con-full e-flex e-con e-child\" data-id=\"2ee83c0\" data-element_type=\"container\" data-e-type=\"container\">\n\t\t\t\t<div class=\"elementor-element elementor-element-d9dd505 elementor-widget-divider--view-line elementor-widget elementor-widget-divider\" data-id=\"d9dd505\" data-element_type=\"widget\" data-e-type=\"widget\" data-widget_type=\"divider.default\">\n\t\t\t\t<div class=\"elementor-widget-container\">\n\t\t\t\t\t\t\t<div class=\"elementor-divider\">\n\t\t\t<span class=\"elementor-divider-separator\">\n\t\t\t\t\t\t<\/span>\n\t\t<\/div>\n\t\t\t\t\t\t<\/div>\n\t\t\t\t<\/div>\n\t\t\t\t<div class=\"elementor-element elementor-element-796ec71 elementor-widget elementor-widget-text-editor\" data-id=\"796ec71\" data-element_type=\"widget\" data-e-type=\"widget\" data-widget_type=\"text-editor.default\">\n\t\t\t\t<div class=\"elementor-widget-container\">\n\t\t\t\t\t\t\t\t\t<p><strong>Servizi di informatica<\/strong><\/p><p>Forniamo servizi personalizzati per un migliore uso del computer,<br \/>del tablet, del cellulare eccetera alle aziende che ci scelgono.<\/p><p><a href=\"https:\/\/seforaimpresasociale.it\/etr\/servizi-it\/\">Scopri i servizi di informatica.<\/a><\/p>\t\t\t\t\t\t\t\t<\/div>\n\t\t\t\t<\/div>\n\t\t\t\t<\/div>\n\t\t\t\t\t<\/div>\n\t\t\t\t<\/div>\n\t\t\t\t<\/div>\n\t\t","protected":false},"excerpt":{"rendered":"<p>Servizi alla persona I nostri servizi alla personasono per le persone con disabilit\u00e0che cercano un lavoro.Le aiutiamo a trovare un posto di lavoroe ad imparare le abilit\u00e0 richieste per lavorare. Scopri i servizi alla persona. Servizi alle aziende Aiutiamo le organizzazioni, aziende e associazioniche vogliono dare un lavoroalle persone con disabilit\u00e0. Scopri i servizi alle [&hellip;]<\/p>\n","protected":false},"author":2,"featured_media":0,"parent":0,"menu_order":0,"comment_status":"closed","ping_status":"closed","template":"","meta":{"footnotes":""},"class_list":["post-236","page","type-page","status-publish","hentry"],"yoast_head":"<!-- This site is optimized with the Yoast SEO plugin v27.3 - https:\/\/yoast.com\/product\/yoast-seo-wordpress\/ -->\n<title>Servizi - S\u00e9fora ETR<\/title>\n<meta name=\"robots\" content=\"index, follow, max-snippet:-1, max-image-preview:large, max-video-preview:-1\" \/>\n<link rel=\"canonical\" href=\"https:\/\/seforaimpresasociale.it\/etr\/servizi\/\" \/>\n<meta property=\"og:locale\" content=\"it_IT\" \/>\n<meta property=\"og:type\" content=\"article\" \/>\n<meta property=\"og:title\" content=\"Servizi - S\u00e9fora ETR\" \/>\n<meta property=\"og:description\" content=\"Servizi alla persona I nostri servizi alla personasono per le persone con disabilit\u00e0che cercano un lavoro.Le aiutiamo a trovare un posto di lavoroe ad imparare le abilit\u00e0 richieste per lavorare. Scopri i servizi alla persona. Servizi alle aziende Aiutiamo le organizzazioni, aziende e associazioniche vogliono dare un lavoroalle persone con disabilit\u00e0. Scopri i servizi alle [&hellip;]\" \/>\n<meta property=\"og:url\" content=\"https:\/\/seforaimpresasociale.it\/etr\/servizi\/\" \/>\n<meta property=\"og:site_name\" content=\"S\u00e9fora ETR\" \/>\n<meta property=\"article:modified_time\" content=\"2024-12-05T08:55:52+00:00\" \/>\n<meta name=\"twitter:card\" content=\"summary_large_image\" \/>\n<meta name=\"twitter:label1\" content=\"Tempo di lettura stimato\" \/>\n\t<meta name=\"twitter:data1\" content=\"1 minuto\" \/>\n<script type=\"application\/ld+json\" class=\"yoast-schema-graph\">{\"@context\":\"https:\\\/\\\/schema.org\",\"@graph\":[{\"@type\":\"WebPage\",\"@id\":\"https:\\\/\\\/seforaimpresasociale.it\\\/etr\\\/servizi\\\/\",\"url\":\"https:\\\/\\\/seforaimpresasociale.it\\\/etr\\\/servizi\\\/\",\"name\":\"Servizi - S\u00e9fora ETR\",\"isPartOf\":{\"@id\":\"https:\\\/\\\/seforaimpresasociale.it\\\/etr\\\/#website\"},\"datePublished\":\"2024-10-30T15:05:11+00:00\",\"dateModified\":\"2024-12-05T08:55:52+00:00\",\"breadcrumb\":{\"@id\":\"https:\\\/\\\/seforaimpresasociale.it\\\/etr\\\/servizi\\\/#breadcrumb\"},\"inLanguage\":\"it-IT\",\"potentialAction\":[{\"@type\":\"ReadAction\",\"target\":[\"https:\\\/\\\/seforaimpresasociale.it\\\/etr\\\/servizi\\\/\"]}]},{\"@type\":\"BreadcrumbList\",\"@id\":\"https:\\\/\\\/seforaimpresasociale.it\\\/etr\\\/servizi\\\/#breadcrumb\",\"itemListElement\":[{\"@type\":\"ListItem\",\"position\":1,\"name\":\"Home\",\"item\":\"https:\\\/\\\/seforaimpresasociale.it\\\/etr\\\/\"},{\"@type\":\"ListItem\",\"position\":2,\"name\":\"Servizi\"}]},{\"@type\":\"WebSite\",\"@id\":\"https:\\\/\\\/seforaimpresasociale.it\\\/etr\\\/#website\",\"url\":\"https:\\\/\\\/seforaimpresasociale.it\\\/etr\\\/\",\"name\":\"S\u00e9fora ETR\",\"description\":\"\",\"publisher\":{\"@id\":\"https:\\\/\\\/seforaimpresasociale.it\\\/etr\\\/#organization\"},\"potentialAction\":[{\"@type\":\"SearchAction\",\"target\":{\"@type\":\"EntryPoint\",\"urlTemplate\":\"https:\\\/\\\/seforaimpresasociale.it\\\/etr\\\/?s={search_term_string}\"},\"query-input\":{\"@type\":\"PropertyValueSpecification\",\"valueRequired\":true,\"valueName\":\"search_term_string\"}}],\"inLanguage\":\"it-IT\"},{\"@type\":\"Organization\",\"@id\":\"https:\\\/\\\/seforaimpresasociale.it\\\/etr\\\/#organization\",\"name\":\"S\u00e9fora ETR\",\"url\":\"https:\\\/\\\/seforaimpresasociale.it\\\/etr\\\/\",\"logo\":{\"@type\":\"ImageObject\",\"inLanguage\":\"it-IT\",\"@id\":\"https:\\\/\\\/seforaimpresasociale.it\\\/etr\\\/#\\\/schema\\\/logo\\\/image\\\/\",\"url\":\"https:\\\/\\\/seforaimpresasociale.it\\\/etr\\\/wp-content\\\/uploads\\\/2024\\\/10\\\/Logo-as-JPEG.jpg\",\"contentUrl\":\"https:\\\/\\\/seforaimpresasociale.it\\\/etr\\\/wp-content\\\/uploads\\\/2024\\\/10\\\/Logo-as-JPEG.jpg\",\"width\":829,\"height\":823,\"caption\":\"S\u00e9fora ETR\"},\"image\":{\"@id\":\"https:\\\/\\\/seforaimpresasociale.it\\\/etr\\\/#\\\/schema\\\/logo\\\/image\\\/\"}}]}<\/script>\n<!-- \/ Yoast SEO plugin. -->","yoast_head_json":{"title":"Servizi - S\u00e9fora ETR","robots":{"index":"index","follow":"follow","max-snippet":"max-snippet:-1","max-image-preview":"max-image-preview:large","max-video-preview":"max-video-preview:-1"},"canonical":"https:\/\/seforaimpresasociale.it\/etr\/servizi\/","og_locale":"it_IT","og_type":"article","og_title":"Servizi - S\u00e9fora ETR","og_description":"Servizi alla persona I nostri servizi alla personasono per le persone con disabilit\u00e0che cercano un lavoro.Le aiutiamo a trovare un posto di lavoroe ad imparare le abilit\u00e0 richieste per lavorare. Scopri i servizi alla persona. Servizi alle aziende Aiutiamo le organizzazioni, aziende e associazioniche vogliono dare un lavoroalle persone con disabilit\u00e0. Scopri i servizi alle [&hellip;]","og_url":"https:\/\/seforaimpresasociale.it\/etr\/servizi\/","og_site_name":"S\u00e9fora ETR","article_modified_time":"2024-12-05T08:55:52+00:00","twitter_card":"summary_large_image","twitter_misc":{"Tempo di lettura stimato":"1 minuto"},"schema":{"@context":"https:\/\/schema.org","@graph":[{"@type":"WebPage","@id":"https:\/\/seforaimpresasociale.it\/etr\/servizi\/","url":"https:\/\/seforaimpresasociale.it\/etr\/servizi\/","name":"Servizi - S\u00e9fora ETR","isPartOf":{"@id":"https:\/\/seforaimpresasociale.it\/etr\/#website"},"datePublished":"2024-10-30T15:05:11+00:00","dateModified":"2024-12-05T08:55:52+00:00","breadcrumb":{"@id":"https:\/\/seforaimpresasociale.it\/etr\/servizi\/#breadcrumb"},"inLanguage":"it-IT","potentialAction":[{"@type":"ReadAction","target":["https:\/\/seforaimpresasociale.it\/etr\/servizi\/"]}]},{"@type":"BreadcrumbList","@id":"https:\/\/seforaimpresasociale.it\/etr\/servizi\/#breadcrumb","itemListElement":[{"@type":"ListItem","position":1,"name":"Home","item":"https:\/\/seforaimpresasociale.it\/etr\/"},{"@type":"ListItem","position":2,"name":"Servizi"}]},{"@type":"WebSite","@id":"https:\/\/seforaimpresasociale.it\/etr\/#website","url":"https:\/\/seforaimpresasociale.it\/etr\/","name":"S\u00e9fora ETR","description":"","publisher":{"@id":"https:\/\/seforaimpresasociale.it\/etr\/#organization"},"potentialAction":[{"@type":"SearchAction","target":{"@type":"EntryPoint","urlTemplate":"https:\/\/seforaimpresasociale.it\/etr\/?s={search_term_string}"},"query-input":{"@type":"PropertyValueSpecification","valueRequired":true,"valueName":"search_term_string"}}],"inLanguage":"it-IT"},{"@type":"Organization","@id":"https:\/\/seforaimpresasociale.it\/etr\/#organization","name":"S\u00e9fora ETR","url":"https:\/\/seforaimpresasociale.it\/etr\/","logo":{"@type":"ImageObject","inLanguage":"it-IT","@id":"https:\/\/seforaimpresasociale.it\/etr\/#\/schema\/logo\/image\/","url":"https:\/\/seforaimpresasociale.it\/etr\/wp-content\/uploads\/2024\/10\/Logo-as-JPEG.jpg","contentUrl":"https:\/\/seforaimpresasociale.it\/etr\/wp-content\/uploads\/2024\/10\/Logo-as-JPEG.jpg","width":829,"height":823,"caption":"S\u00e9fora ETR"},"image":{"@id":"https:\/\/seforaimpresasociale.it\/etr\/#\/schema\/logo\/image\/"}}]}},"_links":{"self":[{"href":"https:\/\/seforaimpresasociale.it\/etr\/wp-json\/wp\/v2\/pages\/236","targetHints":{"allow":["GET"]}}],"collection":[{"href":"https:\/\/seforaimpresasociale.it\/etr\/wp-json\/wp\/v2\/pages"}],"about":[{"href":"https:\/\/seforaimpresasociale.it\/etr\/wp-json\/wp\/v2\/types\/page"}],"author":[{"embeddable":true,"href":"https:\/\/seforaimpresasociale.it\/etr\/wp-json\/wp\/v2\/users\/2"}],"replies":[{"embeddable":true,"href":"https:\/\/seforaimpresasociale.it\/etr\/wp-json\/wp\/v2\/comments?post=236"}],"version-history":[{"count":28,"href":"https:\/\/seforaimpresasociale.it\/etr\/wp-json\/wp\/v2\/pages\/236\/revisions"}],"predecessor-version":[{"id":637,"href":"https:\/\/seforaimpresasociale.it\/etr\/wp-json\/wp\/v2\/pages\/236\/revisions\/637"}],"wp:attachment":[{"href":"https:\/\/seforaimpresasociale.it\/etr\/wp-json\/wp\/v2\/media?parent=236"}],"curies":[{"name":"wp","href":"https:\/\/api.w.org\/{rel}","templated":true}]}}