{"id":234,"date":"2024-10-30T15:04:14","date_gmt":"2024-10-30T15:04:14","guid":{"rendered":"https:\/\/seforaimpresasociale.it\/etr\/?page_id=234"},"modified":"2024-12-05T08:54:15","modified_gmt":"2024-12-05T08:54:15","slug":"vision","status":"publish","type":"page","link":"https:\/\/seforaimpresasociale.it\/etr\/vision\/","title":{"rendered":"La Vision di Sefora Impresa Sociale Anffas"},"content":{"rendered":"\t\t<div data-elementor-type=\"wp-page\" data-elementor-id=\"234\" class=\"elementor elementor-234\" data-elementor-post-type=\"page\">\n\t\t\t\t<div class=\"elementor-element elementor-element-33489ed e-flex e-con-boxed e-con e-parent\" data-id=\"33489ed\" data-element_type=\"container\" data-e-type=\"container\">\n\t\t\t\t\t<div class=\"e-con-inner\">\n\t\t<div class=\"elementor-element elementor-element-634633f e-con-full e-flex e-con e-child\" data-id=\"634633f\" data-element_type=\"container\" data-e-type=\"container\">\n\t\t\t\t<div class=\"elementor-element elementor-element-4187b51 elementor-widget-divider--view-line elementor-widget elementor-widget-divider\" data-id=\"4187b51\" data-element_type=\"widget\" data-e-type=\"widget\" data-widget_type=\"divider.default\">\n\t\t\t\t<div class=\"elementor-widget-container\">\n\t\t\t\t\t\t\t<div class=\"elementor-divider\">\n\t\t\t<span class=\"elementor-divider-separator\">\n\t\t\t\t\t\t<\/span>\n\t\t<\/div>\n\t\t\t\t\t\t<\/div>\n\t\t\t\t<\/div>\n\t\t\t\t<div class=\"elementor-element elementor-element-e5c0078 elementor-widget elementor-widget-text-editor\" data-id=\"e5c0078\" data-element_type=\"widget\" data-e-type=\"widget\" data-widget_type=\"text-editor.default\">\n\t\t\t\t<div class=\"elementor-widget-container\">\n\t\t\t\t\t\t\t\t\t<p><strong>Che cosa \u00e8 la Vision di un\u2019azienda?<\/strong><\/p><p>Vision \u00e8 una parola inglese.<br \/>Possiamo tradurre Vision come visione.<br \/>La Vision di un\u2019azienda<br \/>\u00e8\u00a0<b>quello che l\u2019azienda pensa<\/b><\/p><p><b>di poter diventare nel futuro<b>.\u00a0<\/b><\/b><\/p>\t\t\t\t\t\t\t\t<\/div>\n\t\t\t\t<\/div>\n\t\t\t\t<\/div>\n\t\t\t\t\t<\/div>\n\t\t\t\t<\/div>\n\t\t<div class=\"elementor-element elementor-element-26eafd0 e-flex e-con-boxed e-con e-parent\" data-id=\"26eafd0\" data-element_type=\"container\" data-e-type=\"container\">\n\t\t\t\t\t<div class=\"e-con-inner\">\n\t\t<div class=\"elementor-element elementor-element-9352062 e-con-full e-flex e-con e-child\" data-id=\"9352062\" data-element_type=\"container\" data-e-type=\"container\">\n\t\t\t\t<div class=\"elementor-element elementor-element-30d1480 elementor-widget-divider--view-line elementor-widget elementor-widget-divider\" data-id=\"30d1480\" data-element_type=\"widget\" data-e-type=\"widget\" data-widget_type=\"divider.default\">\n\t\t\t\t<div class=\"elementor-widget-container\">\n\t\t\t\t\t\t\t<div class=\"elementor-divider\">\n\t\t\t<span class=\"elementor-divider-separator\">\n\t\t\t\t\t\t<\/span>\n\t\t<\/div>\n\t\t\t\t\t\t<\/div>\n\t\t\t\t<\/div>\n\t\t\t\t<div class=\"elementor-element elementor-element-02f1614 elementor-widget elementor-widget-text-editor\" data-id=\"02f1614\" data-element_type=\"widget\" data-e-type=\"widget\" data-widget_type=\"text-editor.default\">\n\t\t\t\t<div class=\"elementor-widget-container\">\n\t\t\t\t\t\t\t\t\t<p><strong>La nostra Vision<\/strong><\/p><p><b> Lavorare \u00e8 un diritto di tutte le persone,<br \/>con e senza disabilit\u00e0. <\/b><br \/>Spesso, per\u00f2, le persone con disabilit\u00e0 non hanno un lavoro<br \/>Sefora Impresa Sociale \u00e8 nata<br \/>per dare un lavoro alle persone con disabilit\u00e0<br \/>o prepararle ad un lavoro in altre aziende.<\/p>\t\t\t\t\t\t\t\t<\/div>\n\t\t\t\t<\/div>\n\t\t\t\t<\/div>\n\t\t\t\t\t<\/div>\n\t\t\t\t<\/div>\n\t\t<div class=\"elementor-element elementor-element-4601ece e-flex e-con-boxed e-con e-parent\" data-id=\"4601ece\" data-element_type=\"container\" data-e-type=\"container\">\n\t\t\t\t\t<div class=\"e-con-inner\">\n\t\t<div class=\"elementor-element elementor-element-1df014a e-con-full e-flex e-con e-child\" data-id=\"1df014a\" data-element_type=\"container\" data-e-type=\"container\">\n\t\t\t\t<div class=\"elementor-element elementor-element-f185d1b elementor-widget elementor-widget-text-editor\" data-id=\"f185d1b\" data-element_type=\"widget\" data-e-type=\"widget\" data-widget_type=\"text-editor.default\">\n\t\t\t\t<div class=\"elementor-widget-container\">\n\t\t\t\t\t\t\t\t\t<p>Sefora Impresa Sociale \u00e8 nata nel 2021 da Anffas Parma,<br \/>da cui ha preso i valori<br \/>e gli elementi pi\u00f9 importanti,<br \/>per esempio la Qualit\u00e0 della Vita<br \/>delle persone con disabilit\u00e0.<\/p>\t\t\t\t\t\t\t\t<\/div>\n\t\t\t\t<\/div>\n\t\t\t\t<\/div>\n\t\t\t\t\t<\/div>\n\t\t\t\t<\/div>\n\t\t<div class=\"elementor-element elementor-element-b9ffa1c e-flex e-con-boxed e-con e-parent\" data-id=\"b9ffa1c\" data-element_type=\"container\" data-e-type=\"container\">\n\t\t\t\t\t<div class=\"e-con-inner\">\n\t\t<div class=\"elementor-element elementor-element-25e76d3 e-con-full e-flex e-con e-child\" data-id=\"25e76d3\" data-element_type=\"container\" data-e-type=\"container\">\n\t\t\t\t<div class=\"elementor-element elementor-element-a7ec940 elementor-widget elementor-widget-text-editor\" data-id=\"a7ec940\" data-element_type=\"widget\" data-e-type=\"widget\" data-widget_type=\"text-editor.default\">\n\t\t\t\t<div class=\"elementor-widget-container\">\n\t\t\t\t\t\t\t\t\t<p>Sefora Impresa Sociale vuole dare un\u2019idea diversa della disabilit\u00e0.<br \/>Per Sefora Impresa Sociale,<br \/><b> la disabilit\u00e0 nasce dalle difficolt\u00e0 delle persone<br \/>e dalle caratteristiche degli ambienti dove esse vivono e lavorano. <\/b><\/p>\t\t\t\t\t\t\t\t<\/div>\n\t\t\t\t<\/div>\n\t\t\t\t<\/div>\n\t\t\t\t\t<\/div>\n\t\t\t\t<\/div>\n\t\t<div class=\"elementor-element elementor-element-61fbaf2 e-flex e-con-boxed e-con e-parent\" data-id=\"61fbaf2\" data-element_type=\"container\" data-e-type=\"container\">\n\t\t\t\t\t<div class=\"e-con-inner\">\n\t\t<div class=\"elementor-element elementor-element-21ca742 e-con-full e-flex e-con e-child\" data-id=\"21ca742\" data-element_type=\"container\" data-e-type=\"container\">\n\t\t\t\t<div class=\"elementor-element elementor-element-1632396 elementor-widget elementor-widget-text-editor\" data-id=\"1632396\" data-element_type=\"widget\" data-e-type=\"widget\" data-widget_type=\"text-editor.default\">\n\t\t\t\t<div class=\"elementor-widget-container\">\n\t\t\t\t\t\t\t\t\t<p>Sefora non \u00e8 un\u2019agenzia per trovare lavoro,<br \/>ma un\u2019impresa sociale.<br \/><b> Un\u2019impresa sociale fa attivit\u00e0 utili per le persone<br \/>e la societ\u00e0. <\/b><br \/>Sefora \u00e8 un\u2019impresa sociale<br \/>che aiuta le persone a formarsi per trovare un lavoro<br \/>e poi le <b>aiuta <\/b> a trovare un lavoro<\/p>\t\t\t\t\t\t\t\t<\/div>\n\t\t\t\t<\/div>\n\t\t\t\t<\/div>\n\t\t\t\t\t<\/div>\n\t\t\t\t<\/div>\n\t\t\t\t<\/div>\n\t\t","protected":false},"excerpt":{"rendered":"<p>Che cosa \u00e8 la Vision di un\u2019azienda? Vision \u00e8 una parola inglese.Possiamo tradurre Vision come visione.La Vision di un\u2019azienda\u00e8\u00a0quello che l\u2019azienda pensa di poter diventare nel futuro.\u00a0 La nostra Vision Lavorare \u00e8 un diritto di tutte le persone,con e senza disabilit\u00e0. Spesso, per\u00f2, le persone con disabilit\u00e0 non hanno un lavoroSefora Impresa Sociale \u00e8 nataper [&hellip;]<\/p>\n","protected":false},"author":2,"featured_media":0,"parent":0,"menu_order":0,"comment_status":"closed","ping_status":"closed","template":"","meta":{"footnotes":""},"class_list":["post-234","page","type-page","status-publish","hentry"],"yoast_head":"<!-- This site is optimized with the Yoast SEO plugin v27.3 - https:\/\/yoast.com\/product\/yoast-seo-wordpress\/ -->\n<title>La Vision di Sefora Impresa Sociale Anffas - S\u00e9fora ETR<\/title>\n<meta name=\"robots\" content=\"index, follow, max-snippet:-1, max-image-preview:large, max-video-preview:-1\" \/>\n<link rel=\"canonical\" href=\"https:\/\/seforaimpresasociale.it\/etr\/vision\/\" \/>\n<meta property=\"og:locale\" content=\"it_IT\" \/>\n<meta property=\"og:type\" content=\"article\" \/>\n<meta property=\"og:title\" content=\"La Vision di Sefora Impresa Sociale Anffas - S\u00e9fora ETR\" \/>\n<meta property=\"og:description\" content=\"Che cosa \u00e8 la Vision di un\u2019azienda? Vision \u00e8 una parola inglese.Possiamo tradurre Vision come visione.La Vision di un\u2019azienda\u00e8\u00a0quello che l\u2019azienda pensa di poter diventare nel futuro.\u00a0 La nostra Vision Lavorare \u00e8 un diritto di tutte le persone,con e senza disabilit\u00e0. Spesso, per\u00f2, le persone con disabilit\u00e0 non hanno un lavoroSefora Impresa Sociale \u00e8 nataper [&hellip;]\" \/>\n<meta property=\"og:url\" content=\"https:\/\/seforaimpresasociale.it\/etr\/vision\/\" \/>\n<meta property=\"og:site_name\" content=\"S\u00e9fora ETR\" \/>\n<meta property=\"article:modified_time\" content=\"2024-12-05T08:54:15+00:00\" \/>\n<meta name=\"twitter:card\" content=\"summary_large_image\" \/>\n<meta name=\"twitter:label1\" content=\"Tempo di lettura stimato\" \/>\n\t<meta name=\"twitter:data1\" content=\"1 minuto\" \/>\n<script type=\"application\/ld+json\" class=\"yoast-schema-graph\">{\"@context\":\"https:\\\/\\\/schema.org\",\"@graph\":[{\"@type\":\"WebPage\",\"@id\":\"https:\\\/\\\/seforaimpresasociale.it\\\/etr\\\/vision\\\/\",\"url\":\"https:\\\/\\\/seforaimpresasociale.it\\\/etr\\\/vision\\\/\",\"name\":\"La Vision di Sefora Impresa Sociale Anffas - S\u00e9fora ETR\",\"isPartOf\":{\"@id\":\"https:\\\/\\\/seforaimpresasociale.it\\\/etr\\\/#website\"},\"datePublished\":\"2024-10-30T15:04:14+00:00\",\"dateModified\":\"2024-12-05T08:54:15+00:00\",\"breadcrumb\":{\"@id\":\"https:\\\/\\\/seforaimpresasociale.it\\\/etr\\\/vision\\\/#breadcrumb\"},\"inLanguage\":\"it-IT\",\"potentialAction\":[{\"@type\":\"ReadAction\",\"target\":[\"https:\\\/\\\/seforaimpresasociale.it\\\/etr\\\/vision\\\/\"]}]},{\"@type\":\"BreadcrumbList\",\"@id\":\"https:\\\/\\\/seforaimpresasociale.it\\\/etr\\\/vision\\\/#breadcrumb\",\"itemListElement\":[{\"@type\":\"ListItem\",\"position\":1,\"name\":\"Home\",\"item\":\"https:\\\/\\\/seforaimpresasociale.it\\\/etr\\\/\"},{\"@type\":\"ListItem\",\"position\":2,\"name\":\"La Vision di Sefora Impresa Sociale Anffas\"}]},{\"@type\":\"WebSite\",\"@id\":\"https:\\\/\\\/seforaimpresasociale.it\\\/etr\\\/#website\",\"url\":\"https:\\\/\\\/seforaimpresasociale.it\\\/etr\\\/\",\"name\":\"S\u00e9fora ETR\",\"description\":\"\",\"publisher\":{\"@id\":\"https:\\\/\\\/seforaimpresasociale.it\\\/etr\\\/#organization\"},\"potentialAction\":[{\"@type\":\"SearchAction\",\"target\":{\"@type\":\"EntryPoint\",\"urlTemplate\":\"https:\\\/\\\/seforaimpresasociale.it\\\/etr\\\/?s={search_term_string}\"},\"query-input\":{\"@type\":\"PropertyValueSpecification\",\"valueRequired\":true,\"valueName\":\"search_term_string\"}}],\"inLanguage\":\"it-IT\"},{\"@type\":\"Organization\",\"@id\":\"https:\\\/\\\/seforaimpresasociale.it\\\/etr\\\/#organization\",\"name\":\"S\u00e9fora ETR\",\"url\":\"https:\\\/\\\/seforaimpresasociale.it\\\/etr\\\/\",\"logo\":{\"@type\":\"ImageObject\",\"inLanguage\":\"it-IT\",\"@id\":\"https:\\\/\\\/seforaimpresasociale.it\\\/etr\\\/#\\\/schema\\\/logo\\\/image\\\/\",\"url\":\"https:\\\/\\\/seforaimpresasociale.it\\\/etr\\\/wp-content\\\/uploads\\\/2024\\\/10\\\/Logo-as-JPEG.jpg\",\"contentUrl\":\"https:\\\/\\\/seforaimpresasociale.it\\\/etr\\\/wp-content\\\/uploads\\\/2024\\\/10\\\/Logo-as-JPEG.jpg\",\"width\":829,\"height\":823,\"caption\":\"S\u00e9fora ETR\"},\"image\":{\"@id\":\"https:\\\/\\\/seforaimpresasociale.it\\\/etr\\\/#\\\/schema\\\/logo\\\/image\\\/\"}}]}<\/script>\n<!-- \/ Yoast SEO plugin. -->","yoast_head_json":{"title":"La Vision di Sefora Impresa Sociale Anffas - S\u00e9fora ETR","robots":{"index":"index","follow":"follow","max-snippet":"max-snippet:-1","max-image-preview":"max-image-preview:large","max-video-preview":"max-video-preview:-1"},"canonical":"https:\/\/seforaimpresasociale.it\/etr\/vision\/","og_locale":"it_IT","og_type":"article","og_title":"La Vision di Sefora Impresa Sociale Anffas - S\u00e9fora ETR","og_description":"Che cosa \u00e8 la Vision di un\u2019azienda? Vision \u00e8 una parola inglese.Possiamo tradurre Vision come visione.La Vision di un\u2019azienda\u00e8\u00a0quello che l\u2019azienda pensa di poter diventare nel futuro.\u00a0 La nostra Vision Lavorare \u00e8 un diritto di tutte le persone,con e senza disabilit\u00e0. Spesso, per\u00f2, le persone con disabilit\u00e0 non hanno un lavoroSefora Impresa Sociale \u00e8 nataper [&hellip;]","og_url":"https:\/\/seforaimpresasociale.it\/etr\/vision\/","og_site_name":"S\u00e9fora ETR","article_modified_time":"2024-12-05T08:54:15+00:00","twitter_card":"summary_large_image","twitter_misc":{"Tempo di lettura stimato":"1 minuto"},"schema":{"@context":"https:\/\/schema.org","@graph":[{"@type":"WebPage","@id":"https:\/\/seforaimpresasociale.it\/etr\/vision\/","url":"https:\/\/seforaimpresasociale.it\/etr\/vision\/","name":"La Vision di Sefora Impresa Sociale Anffas - S\u00e9fora ETR","isPartOf":{"@id":"https:\/\/seforaimpresasociale.it\/etr\/#website"},"datePublished":"2024-10-30T15:04:14+00:00","dateModified":"2024-12-05T08:54:15+00:00","breadcrumb":{"@id":"https:\/\/seforaimpresasociale.it\/etr\/vision\/#breadcrumb"},"inLanguage":"it-IT","potentialAction":[{"@type":"ReadAction","target":["https:\/\/seforaimpresasociale.it\/etr\/vision\/"]}]},{"@type":"BreadcrumbList","@id":"https:\/\/seforaimpresasociale.it\/etr\/vision\/#breadcrumb","itemListElement":[{"@type":"ListItem","position":1,"name":"Home","item":"https:\/\/seforaimpresasociale.it\/etr\/"},{"@type":"ListItem","position":2,"name":"La Vision di Sefora Impresa Sociale Anffas"}]},{"@type":"WebSite","@id":"https:\/\/seforaimpresasociale.it\/etr\/#website","url":"https:\/\/seforaimpresasociale.it\/etr\/","name":"S\u00e9fora ETR","description":"","publisher":{"@id":"https:\/\/seforaimpresasociale.it\/etr\/#organization"},"potentialAction":[{"@type":"SearchAction","target":{"@type":"EntryPoint","urlTemplate":"https:\/\/seforaimpresasociale.it\/etr\/?s={search_term_string}"},"query-input":{"@type":"PropertyValueSpecification","valueRequired":true,"valueName":"search_term_string"}}],"inLanguage":"it-IT"},{"@type":"Organization","@id":"https:\/\/seforaimpresasociale.it\/etr\/#organization","name":"S\u00e9fora ETR","url":"https:\/\/seforaimpresasociale.it\/etr\/","logo":{"@type":"ImageObject","inLanguage":"it-IT","@id":"https:\/\/seforaimpresasociale.it\/etr\/#\/schema\/logo\/image\/","url":"https:\/\/seforaimpresasociale.it\/etr\/wp-content\/uploads\/2024\/10\/Logo-as-JPEG.jpg","contentUrl":"https:\/\/seforaimpresasociale.it\/etr\/wp-content\/uploads\/2024\/10\/Logo-as-JPEG.jpg","width":829,"height":823,"caption":"S\u00e9fora ETR"},"image":{"@id":"https:\/\/seforaimpresasociale.it\/etr\/#\/schema\/logo\/image\/"}}]}},"_links":{"self":[{"href":"https:\/\/seforaimpresasociale.it\/etr\/wp-json\/wp\/v2\/pages\/234","targetHints":{"allow":["GET"]}}],"collection":[{"href":"https:\/\/seforaimpresasociale.it\/etr\/wp-json\/wp\/v2\/pages"}],"about":[{"href":"https:\/\/seforaimpresasociale.it\/etr\/wp-json\/wp\/v2\/types\/page"}],"author":[{"embeddable":true,"href":"https:\/\/seforaimpresasociale.it\/etr\/wp-json\/wp\/v2\/users\/2"}],"replies":[{"embeddable":true,"href":"https:\/\/seforaimpresasociale.it\/etr\/wp-json\/wp\/v2\/comments?post=234"}],"version-history":[{"count":38,"href":"https:\/\/seforaimpresasociale.it\/etr\/wp-json\/wp\/v2\/pages\/234\/revisions"}],"predecessor-version":[{"id":634,"href":"https:\/\/seforaimpresasociale.it\/etr\/wp-json\/wp\/v2\/pages\/234\/revisions\/634"}],"wp:attachment":[{"href":"https:\/\/seforaimpresasociale.it\/etr\/wp-json\/wp\/v2\/media?parent=234"}],"curies":[{"name":"wp","href":"https:\/\/api.w.org\/{rel}","templated":true}]}}